{"id":3264,"date":"2021-05-20T17:44:51","date_gmt":"2021-05-20T17:44:51","guid":{"rendered":"http:\/\/cefire.fcv.unlp.edu.ar\/?page_id=3264"},"modified":"2022-03-28T14:22:17","modified_gmt":"2022-03-28T14:22:17","slug":"presentacion","status":"publish","type":"page","link":"https:\/\/cefire.fcv.unlp.edu.ar\/es\/","title":{"rendered":"Presentaci\u00f3n"},"content":{"rendered":"\n<p id=\"block-a0df10dd-8ea5-4a7b-bb64-76f451656473\">El Centro de Fisiolog\u00eda Reproductiva y M\u00e9todos Complementarios de Diagn\u00f3stico<strong> <\/strong>(CeFiRe &amp; MeCoDiag, Expediente 0600-010.652\/13; Ordenanza N\u00ba 284\/11) es una Unidad de Investigaci\u00f3n cient\u00edfica y tecnol\u00f3gica especializada en la reproducci\u00f3n, imagenolog\u00eda y cardiolog\u00eda veterinaria, con especial \u00e9nfasis en caninos y felinos.<\/p>\n\n\n\n<p id=\"block-885ccbb1-c324-4580-9616-6cd285a16613\"><strong><span style=\"color: #1f7e4b\">Misi\u00f3n<\/span><\/strong><br>La misi\u00f3n del CeFiRe &amp; MeCoDiag es la b\u00fasqueda de nuevos conocimientos a trav\u00e9s de la realizaci\u00f3n de investigaciones cient\u00edficas y\/o tecnol\u00f3gicas, as\u00ed como la transferencia y difusi\u00f3n de los conocimientos producto de su labor a nivel nacional e internacional. Mediante la ejecuci\u00f3n de programas y proyectos de investigaci\u00f3n, el Centro procura tambi\u00e9n contribuir a la formaci\u00f3n de recursos humanos altamente capacitados en materia cient\u00edfica y tecnol\u00f3gica.<\/p>\n\n\n\n<div class=\"wp-block-columns is-layout-flex wp-container-core-columns-is-layout-9d6595d7 wp-block-columns-is-layout-flex\">\n<div class=\"wp-block-column is-layout-flow wp-block-column-is-layout-flow\" style=\"flex-basis:50%\">\n<p id=\"block-d3d48b34-6bcf-4a5e-9d6c-f61bd1c38843\"><strong><span style=\"color: #1F7E4B\">Rese\u00f1a hist\u00f3rica<\/span><\/strong><br>El inicio del \u00e1rea de trabajo del Centro se remonta a 1990 cuando, desde la C\u00e1tedra de Cl\u00ednica de peque\u00f1os animales de la Facultad de Ciencias Veterinarias de la Universidad Nacional de La Plata (FCV-UNLP), la Directora inaugura en esta Unidad Acad\u00e9mica la docencia e investigaci\u00f3n en un \u00e1rea de vacancia: la reproducci\u00f3n en caninos y felinos dom\u00e9sticos. Con la mirada puesta en el desarrollo del \u00e1rea, en 1995 se elev\u00f3 al entonces Honorable Consejo Acad\u00e9mico de la FCV-UNLP la primera propuesta para la creaci\u00f3n de un \u201cServicio de Reproducci\u00f3n\u201d de caninos y felinos.<br>En el 2000, se inici\u00f3 una estrecha colaboraci\u00f3n cient\u00edfica con la c\u00e1tedra de M\u00e9todos Complementarios de Diagn\u00f3stico de la FCV-UNLP. Esta c\u00e1tedra incluye los servicios de ultrasonograf\u00eda, endoscop\u00eda, radiolog\u00eda y m\u00e9todos complementarios cardiovasculares.<br>Desde el punto de vista administrativo, el \u00e1rea de trabajo integr\u00f3 desde 2007 el Laboratorio de Nutrici\u00f3n Mineral y Fisiolog\u00eda Reproductiva (Resoluci\u00f3n 417\/07 FCV-UNLP).<br>Posteriormente, en conjunto con la C\u00e1tedra de M\u00e9todos Complementarios de Diagn\u00f3stico, se independiz\u00f3 como Laboratorio de Fisiolog\u00eda Reproductiva (Resoluci\u00f3n 41\/12 FCV-UNLP), para finalmente acreditar como LaFiRe (Expediente 0600-010.652\/13, Ordenanza N\u00ba 284\/11 de la UNLP).<br>Por \u00faltimo, desde 2019 se categoriz\u00f3 como Centro de Investigaci\u00f3n, con la incorporaci\u00f3n de un mayor n\u00famero de investigadores y nuevas \u00e1reas de trabajo (Centro de Fisiolog\u00eda Reproductiva y M\u00e9todos Complementarios de Diagn\u00f3stico; CeFiRe &amp; MeCoDiag, Expediente 0600-010.652\/13-003. Resoluci\u00f3n de Consejo Superior N\u00b0 30\/2016; Ordenanza N\u00ba 284\/11).<\/p>\n<\/div>\n\n\n\n<div class=\"wp-block-column is-layout-flow wp-block-column-is-layout-flow\" style=\"flex-basis:50%\">\n<figure class=\"wp-block-image size-large\"><img loading=\"lazy\" decoding=\"async\" width=\"748\" height=\"1024\" src=\"https:\/\/cefire.fcv.unlp.edu.ar\/wp-content\/uploads\/sites\/12\/2021\/06\/100_3121-748x1024.jpg\" alt=\"\" class=\"wp-image-3447\" srcset=\"https:\/\/cefire.fcv.unlp.edu.ar\/wp-content\/uploads\/sites\/12\/2021\/06\/100_3121-748x1024.jpg 748w, https:\/\/cefire.fcv.unlp.edu.ar\/wp-content\/uploads\/sites\/12\/2021\/06\/100_3121-219x300.jpg 219w, https:\/\/cefire.fcv.unlp.edu.ar\/wp-content\/uploads\/sites\/12\/2021\/06\/100_3121-768x1052.jpg 768w, https:\/\/cefire.fcv.unlp.edu.ar\/wp-content\/uploads\/sites\/12\/2021\/06\/100_3121-1122x1536.jpg 1122w, https:\/\/cefire.fcv.unlp.edu.ar\/wp-content\/uploads\/sites\/12\/2021\/06\/100_3121-1496x2048.jpg 1496w, https:\/\/cefire.fcv.unlp.edu.ar\/wp-content\/uploads\/sites\/12\/2021\/06\/100_3121.jpg 1763w\" sizes=\"auto, (max-width: 748px) 100vw, 748px\" \/><\/figure>\n<\/div>\n<\/div>\n\n\n\n<div class=\"wp-block-columns is-layout-flex wp-container-core-columns-is-layout-9d6595d7 wp-block-columns-is-layout-flex\">\n<div class=\"wp-block-column is-layout-flow wp-block-column-is-layout-flow\">\n<figure class=\"wp-block-image size-large\"><img loading=\"lazy\" decoding=\"async\" width=\"768\" height=\"1024\" src=\"https:\/\/cefire.fcv.unlp.edu.ar\/wp-content\/uploads\/sites\/12\/2021\/06\/IMG_20210519_124421595-01-768x1024.jpeg\" alt=\"\" class=\"wp-image-3446\" srcset=\"https:\/\/cefire.fcv.unlp.edu.ar\/wp-content\/uploads\/sites\/12\/2021\/06\/IMG_20210519_124421595-01-768x1024.jpeg 768w, https:\/\/cefire.fcv.unlp.edu.ar\/wp-content\/uploads\/sites\/12\/2021\/06\/IMG_20210519_124421595-01-225x300.jpeg 225w, https:\/\/cefire.fcv.unlp.edu.ar\/wp-content\/uploads\/sites\/12\/2021\/06\/IMG_20210519_124421595-01-1152x1536.jpeg 1152w, https:\/\/cefire.fcv.unlp.edu.ar\/wp-content\/uploads\/sites\/12\/2021\/06\/IMG_20210519_124421595-01-1536x2048.jpeg 1536w, https:\/\/cefire.fcv.unlp.edu.ar\/wp-content\/uploads\/sites\/12\/2021\/06\/IMG_20210519_124421595-01-scaled.jpeg 1920w\" sizes=\"auto, (max-width: 768px) 100vw, 768px\" \/><\/figure>\n<\/div>\n\n\n\n<div class=\"wp-block-column is-layout-flow wp-block-column-is-layout-flow\">\n<p><strong><span style=\"color: #1f7e4b\">Actividades desarrolladas<\/span><\/strong><br>Desde 1996 hasta la fecha, esta \u00e1rea de trabajo se integr\u00f3 al Programa de Incentivos Docentes de la UNLP con m\u00e1s de seis proyectos acreditados consecutivos en esta Universidad. Desde entonces, se ha trabajado en aspectos b\u00e1sicos y aplicados de la reproducci\u00f3n, imagenolog\u00eda y cardiolog\u00eda en carn\u00edvoros dom\u00e9sticos. El Centro tambi\u00e9n alberg\u00f3 a m\u00e1s de 30 Docentes Investigadores de la FCV-UNLP, con distinto grado de formaci\u00f3n.<br>Fruto de este trabajo en la especialidad, el grupo acredita m\u00e1s de 75 publicaciones internaciones con referato en journals indexados en ISI de impacto medio o superior (ver Publicaciones), adem\u00e1s de innumerables publicaciones en revistas y congresos nacionales e internacionales. Tambi\u00e9n, se publicaron cuatro libros con ISBN (tres de ellos con m\u00e1s de una edici\u00f3n), m\u00e1s de 25 cap\u00edtulos de libro (nueve en ingl\u00e9s) de editoriales como Saunders, Elsevier, Mc Graw-Hill y de distintas universidades y laboratorios, todos del \u00e1rea de trabajo del Centro. Adem\u00e1s, el grupo de trabajo recibi\u00f3 m\u00e1s de diez premios (cinco internacionales) en investigaci\u00f3n y numerosas invitaciones a disertaci\u00f3n nacionales, e internacionales en Estados Unidos , Europa y Australia.<br>Durante estos a\u00f1os se financi\u00f3 la l\u00ednea de trabajo con m\u00e1s de 20 subsidios (ocho internacionales y el resto nacionales, provenientes del FONCYT, CONICET y la UNLP), adem\u00e1s de convenios y asesor\u00edas t\u00e9cnicas de alto nivel a laboratorios internacionales de la especialidad.<\/p>\n<\/div>\n<\/div>\n","protected":false},"excerpt":{"rendered":"<p>El Centro de Fisiolog\u00eda Reproductiva y M\u00e9todos Complementarios de Diagn\u00f3stico (CeFiRe &amp; MeCoDiag, Expediente 0600-010.652\/13; Ordenanza N\u00ba 284\/11) es una Unidad de Investigaci\u00f3n cient\u00edfica y tecnol\u00f3gica especializada en la reproducci\u00f3n, imagenolog\u00eda y cardiolog\u00eda veterinaria, con especial \u00e9nfasis en caninos y felinos. Misi\u00f3nLa misi\u00f3n del CeFiRe &amp; MeCoDiag es la b\u00fasqueda de nuevos conocimientos a trav\u00e9s [&hellip;]<\/p>\n","protected":false},"author":171,"featured_media":0,"parent":0,"menu_order":0,"comment_status":"closed","ping_status":"closed","template":"","meta":{"_acf_changed":false,"footnotes":""},"class_list":["post-3264","page","type-page","status-publish","hentry","post"],"acf":[],"aioseo_notices":[],"jetpack_sharing_enabled":true,"_links":{"self":[{"href":"https:\/\/cefire.fcv.unlp.edu.ar\/es\/wp-json\/wp\/v2\/pages\/3264","targetHints":{"allow":["GET"]}}],"collection":[{"href":"https:\/\/cefire.fcv.unlp.edu.ar\/es\/wp-json\/wp\/v2\/pages"}],"about":[{"href":"https:\/\/cefire.fcv.unlp.edu.ar\/es\/wp-json\/wp\/v2\/types\/page"}],"author":[{"embeddable":true,"href":"https:\/\/cefire.fcv.unlp.edu.ar\/es\/wp-json\/wp\/v2\/users\/171"}],"replies":[{"embeddable":true,"href":"https:\/\/cefire.fcv.unlp.edu.ar\/es\/wp-json\/wp\/v2\/comments?post=3264"}],"version-history":[{"count":13,"href":"https:\/\/cefire.fcv.unlp.edu.ar\/es\/wp-json\/wp\/v2\/pages\/3264\/revisions"}],"predecessor-version":[{"id":3613,"href":"https:\/\/cefire.fcv.unlp.edu.ar\/es\/wp-json\/wp\/v2\/pages\/3264\/revisions\/3613"}],"wp:attachment":[{"href":"https:\/\/cefire.fcv.unlp.edu.ar\/es\/wp-json\/wp\/v2\/media?parent=3264"}],"curies":[{"name":"wp","href":"https:\/\/api.w.org\/{rel}","templated":true}]}}