{"id":29,"date":"2018-02-15T19:43:07","date_gmt":"2018-02-15T19:43:07","guid":{"rendered":"http:\/\/lafire.multisitio.sedici.unlp.edu.ar\/?page_id=29"},"modified":"2022-04-04T15:30:07","modified_gmt":"2022-04-04T15:30:07","slug":"contacto","status":"publish","type":"page","link":"https:\/\/cefire.fcv.unlp.edu.ar\/es\/contacto\/","title":{"rendered":"Contacto"},"content":{"rendered":"\n\n<div class=\"wpcf7 no-js\" id=\"wpcf7-f30-o1\" lang=\"es-ES\" dir=\"ltr\" data-wpcf7-id=\"30\">\n<div class=\"screen-reader-response\"><p role=\"status\" aria-live=\"polite\" aria-atomic=\"true\"><\/p> <ul><\/ul><\/div>\n<form action=\"\/es\/wp-json\/wp\/v2\/pages\/29#wpcf7-f30-o1\" method=\"post\" class=\"wpcf7-form init\" aria-label=\"Formulario de contacto\" novalidate=\"novalidate\" data-status=\"init\">\n<fieldset class=\"hidden-fields-container\"><input type=\"hidden\" name=\"_wpcf7\" value=\"30\" \/><input type=\"hidden\" name=\"_wpcf7_version\" value=\"6.1.5\" \/><input type=\"hidden\" name=\"_wpcf7_locale\" value=\"es_ES\" \/><input type=\"hidden\" name=\"_wpcf7_unit_tag\" value=\"wpcf7-f30-o1\" \/><input type=\"hidden\" name=\"_wpcf7_container_post\" value=\"0\" \/><input type=\"hidden\" name=\"_wpcf7_posted_data_hash\" value=\"\" \/><input type=\"hidden\" name=\"_wpcf7_recaptcha_response\" value=\"\" \/>\n<\/fieldset>\n<p><label> Nombre (requerido)<br \/>\n<span class=\"wpcf7-form-control-wrap\" data-name=\"your-name\"><input size=\"40\" maxlength=\"400\" class=\"wpcf7-form-control wpcf7-text wpcf7-validates-as-required\" aria-required=\"true\" aria-invalid=\"false\" value=\"\" type=\"text\" name=\"your-name\" \/><\/span> <\/label>\n<\/p>\n<p><label> Tu correo electr\u00f3nico (requerido)<br \/>\n<span class=\"wpcf7-form-control-wrap\" data-name=\"your-email\"><input size=\"40\" maxlength=\"400\" class=\"wpcf7-form-control wpcf7-email wpcf7-validates-as-required wpcf7-text wpcf7-validates-as-email\" aria-required=\"true\" aria-invalid=\"false\" value=\"\" type=\"email\" name=\"your-email\" \/><\/span> <\/label>\n<\/p>\n<p><label> Asunto<br \/>\n<span class=\"wpcf7-form-control-wrap\" data-name=\"your-subject\"><input size=\"40\" maxlength=\"400\" class=\"wpcf7-form-control wpcf7-text\" aria-invalid=\"false\" value=\"\" type=\"text\" name=\"your-subject\" \/><\/span> <\/label>\n<\/p>\n<p><label> Mensaje<br \/>\n<span class=\"wpcf7-form-control-wrap\" data-name=\"your-message\"><textarea cols=\"40\" rows=\"10\" maxlength=\"2000\" class=\"wpcf7-form-control wpcf7-textarea\" aria-invalid=\"false\" name=\"your-message\"><\/textarea><\/span> <\/label>\n<\/p>\n<p><input class=\"wpcf7-form-control wpcf7-submit has-spinner\" type=\"submit\" value=\"Enviar\" \/>\n<\/p><p style=\"display: none !important;\" class=\"akismet-fields-container\" data-prefix=\"_wpcf7_ak_\"><label>&#916;<textarea name=\"_wpcf7_ak_hp_textarea\" cols=\"45\" rows=\"8\" maxlength=\"100\"><\/textarea><\/label><input type=\"hidden\" id=\"ak_js_1\" name=\"_wpcf7_ak_js\" value=\"16\"\/><script>document.getElementById( \"ak_js_1\" ).setAttribute( \"value\", ( new Date() ).getTime() );<\/script><\/p><div class=\"wpcf7-response-output\" aria-hidden=\"true\"><\/div>\n<\/form>\n<\/div>\n\n\n\n\n<p class=\"has-text-color\" style=\"color:#1f7e4b\"><strong>Ubicaci\u00f3n<\/strong><\/p>\n\n\n\n<p>Ingresando por el port\u00f3n de acceso a la Facultad de Ciencias Veterinarias de la UNLP, ubicado en Diagonal 113 y 62, el Centro de Fisiolog\u00eda Reproductiva lo encontrar\u00e1 en el edificio de Ciencias B\u00e1sicas,\u00a0primer piso ala derecha.<br>Este Centro tambi\u00e9n cuenta con una Colonia Experimental Felina aprobada por el CICUAL de la FCV-UNLP y acreditada en el Sistema Nacional de Bioterios del Ministerio de Ciencia, Tecnolog\u00eda e Innovaci\u00f3n Productiva.<\/p>\n\n\n\n<div class=\"wp-block-columns is-layout-flex wp-container-core-columns-is-layout-9d6595d7 wp-block-columns-is-layout-flex\">\n<div class=\"wp-block-column is-layout-flow wp-block-column-is-layout-flow\">\n<iframe loading=\"lazy\" src=\"https:\/\/www.google.com\/maps\/embed?pb=!1m18!1m12!1m3!1d3890.773272118271!2d-57.93331852109264!3d-34.913041579397465!2m3!1f0!2f0!3f0!3m2!1i1024!2i768!4f13.1!3m3!1m2!1s0x95a2e610f94c7e69%3A0x20445efaff6ee3b4!2sFacultad%20de%20Veterinaria!5e0!3m2!1ses-419!2sar!4v1613144264576!5m2!1ses-419!2sar\" width=\"600\" height=\"450\" frameborder=\"0\" allowfullscreen=\"\"><\/iframe>\n<\/div>\n<\/div>\n","protected":false},"excerpt":{"rendered":"<p>Ubicaci\u00f3n Ingresando por el port\u00f3n de acceso a la Facultad de Ciencias Veterinarias de la UNLP, ubicado en Diagonal 113 y 62, el Centro de Fisiolog\u00eda Reproductiva lo encontrar\u00e1 en el edificio de Ciencias B\u00e1sicas,\u00a0primer piso ala derecha.Este Centro tambi\u00e9n cuenta con una Colonia Experimental Felina aprobada por el CICUAL de la FCV-UNLP y acreditada [&hellip;]<\/p>\n","protected":false},"author":171,"featured_media":0,"parent":0,"menu_order":0,"comment_status":"closed","ping_status":"closed","template":"","meta":{"_acf_changed":false,"footnotes":""},"class_list":["post-29","page","type-page","status-publish","hentry","post"],"acf":[],"aioseo_notices":[],"jetpack_sharing_enabled":true,"_links":{"self":[{"href":"https:\/\/cefire.fcv.unlp.edu.ar\/es\/wp-json\/wp\/v2\/pages\/29","targetHints":{"allow":["GET"]}}],"collection":[{"href":"https:\/\/cefire.fcv.unlp.edu.ar\/es\/wp-json\/wp\/v2\/pages"}],"about":[{"href":"https:\/\/cefire.fcv.unlp.edu.ar\/es\/wp-json\/wp\/v2\/types\/page"}],"author":[{"embeddable":true,"href":"https:\/\/cefire.fcv.unlp.edu.ar\/es\/wp-json\/wp\/v2\/users\/171"}],"replies":[{"embeddable":true,"href":"https:\/\/cefire.fcv.unlp.edu.ar\/es\/wp-json\/wp\/v2\/comments?post=29"}],"version-history":[{"count":26,"href":"https:\/\/cefire.fcv.unlp.edu.ar\/es\/wp-json\/wp\/v2\/pages\/29\/revisions"}],"predecessor-version":[{"id":3656,"href":"https:\/\/cefire.fcv.unlp.edu.ar\/es\/wp-json\/wp\/v2\/pages\/29\/revisions\/3656"}],"wp:attachment":[{"href":"https:\/\/cefire.fcv.unlp.edu.ar\/es\/wp-json\/wp\/v2\/media?parent=29"}],"curies":[{"name":"wp","href":"https:\/\/api.w.org\/{rel}","templated":true}]}}